{"id":1375,"date":"2026-03-03T16:16:00","date_gmt":"2026-03-03T15:16:00","guid":{"rendered":"https:\/\/www.turismebaixpallars.cat\/sarroca-de-baen\/"},"modified":"2026-03-24T15:12:31","modified_gmt":"2026-03-24T14:12:31","slug":"sarroca-de-baen","status":"publish","type":"page","link":"https:\/\/www.turismebaixpallars.cat\/es\/25-pobles\/sarroca-de-baen\/","title":{"rendered":"Sarroca de Ba\u00e9n"},"content":{"rendered":"<style>.kb-row-layout-id932_2fb0d5-95 > .kt-row-column-wrap{align-content:start;}:where(.kb-row-layout-id932_2fb0d5-95 > .kt-row-column-wrap) > .wp-block-kadence-column{justify-content:start;}.kb-row-layout-id932_2fb0d5-95 > .kt-row-column-wrap{column-gap:var(--global-kb-gap-md, 2rem);row-gap:var(--global-kb-gap-md, 2rem);max-width:var( --global-content-width, 1290px );padding-left:var(--global-content-edge-padding);padding-right:var(--global-content-edge-padding);padding-top:10rem;padding-bottom:10rem;grid-template-columns:minmax(0, 1fr);}.kb-row-layout-id932_2fb0d5-95{background-image:url('https:\/\/www.turismebaixpallars.cat\/wp-content\/uploads\/Sarroca.jpg');background-size:cover;background-position:46% 54%;background-attachment:scroll;background-repeat:no-repeat;}.kb-row-layout-id932_2fb0d5-95 > .kt-row-layout-overlay{opacity:0.30;background-color:var(--global-palette3, #1A202C);mix-blend-mode:luminosity;}@media all and (max-width: 1024px){.kb-row-layout-id932_2fb0d5-95 > .kt-row-column-wrap{grid-template-columns:minmax(0, 1fr);}}@media all and (max-width: 767px){.kb-row-layout-id932_2fb0d5-95 > .kt-row-column-wrap{grid-template-columns:minmax(0, 1fr);}}<\/style><div class=\"kb-row-layout-wrap kb-row-layout-id932_2fb0d5-95 alignfull kt-row-has-bg wp-block-kadence-rowlayout\"><div class=\"kt-row-layout-overlay kt-row-overlay-normal\"><\/div><div class=\"kt-row-column-wrap kt-has-1-columns kt-row-layout-equal kt-tab-layout-inherit kt-mobile-layout-row kt-row-valign-top kb-theme-content-width\"> <style>.kadence-column932_753a3e-3d > .kt-inside-inner-col,.kadence-column932_753a3e-3d > .kt-inside-inner-col:before{border-top-left-radius:0px;border-top-right-radius:0px;border-bottom-right-radius:0px;border-bottom-left-radius:0px;}.kadence-column932_753a3e-3d > .kt-inside-inner-col{column-gap:var(--global-kb-gap-sm, 1rem);}.kadence-column932_753a3e-3d > .kt-inside-inner-col{flex-direction:column;}.kadence-column932_753a3e-3d > .kt-inside-inner-col > .aligncenter{width:100%;}.kadence-column932_753a3e-3d > .kt-inside-inner-col:before{opacity:0.3;}.kadence-column932_753a3e-3d{position:relative;}@media all and (max-width: 1024px){.kadence-column932_753a3e-3d > .kt-inside-inner-col{flex-direction:column;justify-content:center;}}@media all and (max-width: 767px){.kadence-column932_753a3e-3d > .kt-inside-inner-col{flex-direction:column;justify-content:center;}}<\/style> <div class=\"wp-block-kadence-column kadence-column932_753a3e-3d\"><div class=\"kt-inside-inner-col\"><style>.wp-block-kadence-advancedheading.kt-adv-heading932_a31854-f2, .wp-block-kadence-advancedheading.kt-adv-heading932_a31854-f2[data-kb-block=\"kb-adv-heading932_a31854-f2\"]{text-align:center;font-style:normal;}.wp-block-kadence-advancedheading.kt-adv-heading932_a31854-f2 mark.kt-highlight, .wp-block-kadence-advancedheading.kt-adv-heading932_a31854-f2[data-kb-block=\"kb-adv-heading932_a31854-f2\"] mark.kt-highlight{font-style:normal;color:#f76a0c;-webkit-box-decoration-break:clone;box-decoration-break:clone;padding-top:0px;padding-right:0px;padding-bottom:0px;padding-left:0px;}.wp-block-kadence-advancedheading.kt-adv-heading932_a31854-f2 img.kb-inline-image, .wp-block-kadence-advancedheading.kt-adv-heading932_a31854-f2[data-kb-block=\"kb-adv-heading932_a31854-f2\"] img.kb-inline-image{width:150px;vertical-align:baseline;}<\/style> <h1 class=\"kt-adv-heading932_a31854-f2 wp-block-kadence-advancedheading has-theme-palette-9-color has-text-color\" data-kb-block=\"kb-adv-heading932_a31854-f2\"><strong>Sarroca de Ba\u00e9n<\/strong><\/h1> <\/div><\/div>  <\/div><\/div> <style>.kb-row-layout-id932_2e68ff-b5 > .kt-row-column-wrap{align-content:start;}:where(.kb-row-layout-id932_2e68ff-b5 > .kt-row-column-wrap) > .wp-block-kadence-column{justify-content:start;}.kb-row-layout-id932_2e68ff-b5 > .kt-row-column-wrap{column-gap:var(--global-kb-gap-md, 2rem);row-gap:var(--global-kb-gap-md, 2rem);padding-top:var(--global-kb-spacing-md, 2rem);padding-bottom:var(--global-kb-spacing-md, 2rem);grid-template-columns:repeat(2, minmax(0, 1fr));}.kb-row-layout-id932_2e68ff-b5 > .kt-row-layout-overlay{opacity:0.30;}@media all and (max-width: 1024px){.kb-row-layout-id932_2e68ff-b5 > .kt-row-column-wrap{grid-template-columns:repeat(2, minmax(0, 1fr));}}@media all and (max-width: 767px){.kb-row-layout-id932_2e68ff-b5 > .kt-row-column-wrap{grid-template-columns:minmax(0, 1fr);}}<\/style><div class=\"kb-row-layout-wrap kb-row-layout-id932_2e68ff-b5 alignnone wp-block-kadence-rowlayout\"><div class=\"kt-row-column-wrap kt-has-2-columns kt-row-layout-equal kt-tab-layout-inherit kt-mobile-layout-row kt-row-valign-top\"> <style>.kadence-column932_f7713e-6f > .kt-inside-inner-col,.kadence-column932_f7713e-6f > .kt-inside-inner-col:before{border-top-left-radius:0px;border-top-right-radius:0px;border-bottom-right-radius:0px;border-bottom-left-radius:0px;}.kadence-column932_f7713e-6f > .kt-inside-inner-col{column-gap:var(--global-kb-gap-sm, 1rem);}.kadence-column932_f7713e-6f > .kt-inside-inner-col{flex-direction:column;}.kadence-column932_f7713e-6f > .kt-inside-inner-col > .aligncenter{width:100%;}.kadence-column932_f7713e-6f > .kt-inside-inner-col:before{opacity:0.3;}.kadence-column932_f7713e-6f{position:relative;}@media all and (max-width: 1024px){.kadence-column932_f7713e-6f > .kt-inside-inner-col{flex-direction:column;justify-content:center;}}@media all and (max-width: 767px){.kadence-column932_f7713e-6f > .kt-inside-inner-col{flex-direction:column;justify-content:center;}}<\/style> <div class=\"wp-block-kadence-column kadence-column932_f7713e-6f\"><div class=\"kt-inside-inner-col\"><style>.wp-block-kadence-advancedheading.kt-adv-heading932_bdfeb6-82, .wp-block-kadence-advancedheading.kt-adv-heading932_bdfeb6-82[data-kb-block=\"kb-adv-heading932_bdfeb6-82\"]{font-style:normal;font-family:var( --global-body-font-family, inherit );}.wp-block-kadence-advancedheading.kt-adv-heading932_bdfeb6-82 mark.kt-highlight, .wp-block-kadence-advancedheading.kt-adv-heading932_bdfeb6-82[data-kb-block=\"kb-adv-heading932_bdfeb6-82\"] mark.kt-highlight{font-style:normal;color:#f76a0c;-webkit-box-decoration-break:clone;box-decoration-break:clone;padding-top:0px;padding-right:0px;padding-bottom:0px;padding-left:0px;}.wp-block-kadence-advancedheading.kt-adv-heading932_bdfeb6-82 img.kb-inline-image, .wp-block-kadence-advancedheading.kt-adv-heading932_bdfeb6-82[data-kb-block=\"kb-adv-heading932_bdfeb6-82\"] img.kb-inline-image{width:150px;vertical-align:baseline;}<\/style> <h2 class=\"kt-adv-heading932_bdfeb6-82 wp-block-kadence-advancedheading\" data-kb-block=\"kb-adv-heading932_bdfeb6-82\"><strong><strong><strong><strong>Sarroca de Ba\u00e9n<\/strong><\/strong><\/strong><\/strong><\/h2>   <p>Sarroca es una peque\u00f1a entidad de poblaci\u00f3n situada en la zona conocida con el nombre de \u201cSobre Gerri\u201d, a 1.436 m de altitud, en el sector m\u00e1s oriental del municipio de Baix Pallars, en medio de un entorno paisaj\u00edstico y natural impresionante, ideal para disfrutar de la tranquilidad. Debido a sus dimensiones, nunca tuvo ayuntamiento propio y siempre perteneci\u00f3 al municipio de Ba\u00e9n.<\/p> <\/div><\/div>  <style>.kadence-column932_95f258-cf > .kt-inside-inner-col,.kadence-column932_95f258-cf > .kt-inside-inner-col:before{border-top-left-radius:0px;border-top-right-radius:0px;border-bottom-right-radius:0px;border-bottom-left-radius:0px;}.kadence-column932_95f258-cf > .kt-inside-inner-col{column-gap:var(--global-kb-gap-sm, 1rem);}.kadence-column932_95f258-cf > .kt-inside-inner-col{flex-direction:column;}.kadence-column932_95f258-cf > .kt-inside-inner-col > .aligncenter{width:100%;}.kadence-column932_95f258-cf > .kt-inside-inner-col:before{opacity:0.3;}.kadence-column932_95f258-cf{position:relative;}@media all and (max-width: 1024px){.kadence-column932_95f258-cf > .kt-inside-inner-col{flex-direction:column;justify-content:center;}}@media all and (max-width: 767px){.kadence-column932_95f258-cf > .kt-inside-inner-col{flex-direction:column;justify-content:center;}}<\/style> <div class=\"wp-block-kadence-column kadence-column932_95f258-cf\"><div class=\"kt-inside-inner-col\"> <p>Actualmente, es una mas\u00eda con pajares y la capilla de Sant Roc, donde reside una familia, pero en la Edad Media hab\u00eda sido un poblado conocido con el nombre de \u201cCases Velles\u201d, que se abandon\u00f3 hacia los siglos XIV-XV. Este n\u00facleo, del que solo quedan algunos vestigios, est\u00e1 situado a unos 700 metros de la mas\u00eda actual, en la cima de un cerro del pico de Sarroca, controlando estrat\u00e9gicamente el antiguo camino que un\u00eda el Pallars con el Urgell. Hoy en d\u00eda podemos contemplar los restos de un muro que cerraba todo un conjunto, en cuyo interior se pueden identificar algunas viviendas. Entre los restos, destaca tanto por su consistencia como por su ubicaci\u00f3n, una estructura de planta rectangular de unos 15 m x 20 m con unos muros de 90 cm de grosor, y una torre de planta cuadrada en la explanada superior, que muy probablemente corresponde al antiguo castillo de Sarroca. Las primeras noticias hist\u00f3ricas que tenemos de este castillo datan de finales del siglo XI; a finales del siglo XII era dominio del vizconde Pere de Vilamur y a comienzos del siglo XIII vendi\u00f3 el castillo y la villa de Sarroca al monasterio de Gerri.<\/p> <\/div><\/div>  <\/div><\/div>","protected":false},"excerpt":{"rendered":"<p>Sarroca de Ba\u00e9n Sarroca de Ba\u00e9n Sarroca es una peque\u00f1a entidad de poblaci\u00f3n situada en la zona conocida con el nombre de \u201cSobre Gerri\u201d, a 1.436 m de altitud, en el sector m\u00e1s oriental del municipio de Baix Pallars, en medio de un entorno paisaj\u00edstico y natural impresionante, ideal para disfrutar de la tranquilidad. Debido&#8230;<\/p>\n","protected":false},"author":1,"featured_media":0,"parent":1625,"menu_order":0,"comment_status":"closed","ping_status":"closed","template":"","meta":{"_acf_changed":false,"_kad_blocks_custom_css":"","_kad_blocks_head_custom_js":"","_kad_blocks_body_custom_js":"","_kad_blocks_footer_custom_js":"","_kad_post_transparent":"","_kad_post_title":"","_kad_post_layout":"","_kad_post_sidebar_id":"","_kad_post_content_style":"","_kad_post_vertical_padding":"","_kad_post_feature":"","_kad_post_feature_position":"","_kad_post_header":false,"_kad_post_footer":false,"_kad_post_classname":"","footnotes":""},"class_list":["post-1375","page","type-page","status-publish","hentry"],"acf":[],"yoast_head":"<!-- This site is optimized with the Yoast SEO plugin v27.4 - https:\/\/yoast.com\/product\/yoast-seo-wordpress\/ -->\n<title>Sarroca de Ba\u00e9n - baixpallars.com<\/title>\n<meta name=\"robots\" content=\"index, follow, max-snippet:-1, max-image-preview:large, max-video-preview:-1\" \/>\n<link rel=\"canonical\" href=\"https:\/\/www.turismebaixpallars.cat\/es\/25-pobles\/sarroca-de-baen\/\" \/>\n<meta property=\"og:locale\" content=\"es_ES\" \/>\n<meta property=\"og:type\" content=\"article\" \/>\n<meta property=\"og:title\" content=\"Sarroca de Ba\u00e9n - baixpallars.com\" \/>\n<meta property=\"og:description\" content=\"Sarroca de Ba\u00e9n Sarroca de Ba\u00e9n Sarroca es una peque\u00f1a entidad de poblaci\u00f3n situada en la zona conocida con el nombre de \u201cSobre Gerri\u201d, a 1.436 m de altitud, en el sector m\u00e1s oriental del municipio de Baix Pallars, en medio de un entorno paisaj\u00edstico y natural impresionante, ideal para disfrutar de la tranquilidad. Debido...\" \/>\n<meta property=\"og:url\" content=\"https:\/\/www.turismebaixpallars.cat\/es\/25-pobles\/sarroca-de-baen\/\" \/>\n<meta property=\"og:site_name\" content=\"baixpallars.com\" \/>\n<meta property=\"article:modified_time\" content=\"2026-03-24T14:12:31+00:00\" \/>\n<meta name=\"twitter:card\" content=\"summary_large_image\" \/>\n<meta name=\"twitter:label1\" content=\"Tiempo de lectura\" \/>\n\t<meta name=\"twitter:data1\" content=\"2 minutos\" \/>\n<script type=\"application\/ld+json\" class=\"yoast-schema-graph\">{\"@context\":\"https:\\\/\\\/schema.org\",\"@graph\":[{\"@type\":\"WebPage\",\"@id\":\"https:\\\/\\\/www.turismebaixpallars.cat\\\/es\\\/25-pobles\\\/sarroca-de-baen\\\/\",\"url\":\"https:\\\/\\\/www.turismebaixpallars.cat\\\/es\\\/25-pobles\\\/sarroca-de-baen\\\/\",\"name\":\"Sarroca de Ba\u00e9n - baixpallars.com\",\"isPartOf\":{\"@id\":\"https:\\\/\\\/www.turismebaixpallars.cat\\\/es\\\/#website\"},\"datePublished\":\"2026-03-03T15:16:00+00:00\",\"dateModified\":\"2026-03-24T14:12:31+00:00\",\"breadcrumb\":{\"@id\":\"https:\\\/\\\/www.turismebaixpallars.cat\\\/es\\\/25-pobles\\\/sarroca-de-baen\\\/#breadcrumb\"},\"inLanguage\":\"es\",\"potentialAction\":[{\"@type\":\"ReadAction\",\"target\":[\"https:\\\/\\\/www.turismebaixpallars.cat\\\/es\\\/25-pobles\\\/sarroca-de-baen\\\/\"]}]},{\"@type\":\"BreadcrumbList\",\"@id\":\"https:\\\/\\\/www.turismebaixpallars.cat\\\/es\\\/25-pobles\\\/sarroca-de-baen\\\/#breadcrumb\",\"itemListElement\":[{\"@type\":\"ListItem\",\"position\":1,\"name\":\"Inici\",\"item\":\"https:\\\/\\\/www.turismebaixpallars.cat\\\/es\\\/\"},{\"@type\":\"ListItem\",\"position\":2,\"name\":\"25 Pueblos\",\"item\":\"https:\\\/\\\/www.turismebaixpallars.cat\\\/es\\\/25-pobles\\\/\"},{\"@type\":\"ListItem\",\"position\":3,\"name\":\"Sarroca de Ba\u00e9n\"}]},{\"@type\":\"WebSite\",\"@id\":\"https:\\\/\\\/www.turismebaixpallars.cat\\\/es\\\/#website\",\"url\":\"https:\\\/\\\/www.turismebaixpallars.cat\\\/es\\\/\",\"name\":\"baixpallars.com\",\"description\":\"\",\"publisher\":{\"@id\":\"https:\\\/\\\/www.turismebaixpallars.cat\\\/es\\\/#organization\"},\"potentialAction\":[{\"@type\":\"SearchAction\",\"target\":{\"@type\":\"EntryPoint\",\"urlTemplate\":\"https:\\\/\\\/www.turismebaixpallars.cat\\\/es\\\/?s={search_term_string}\"},\"query-input\":{\"@type\":\"PropertyValueSpecification\",\"valueRequired\":true,\"valueName\":\"search_term_string\"}}],\"inLanguage\":\"es\"},{\"@type\":\"Organization\",\"@id\":\"https:\\\/\\\/www.turismebaixpallars.cat\\\/es\\\/#organization\",\"name\":\"baixpallars.com\",\"url\":\"https:\\\/\\\/www.turismebaixpallars.cat\\\/es\\\/\",\"logo\":{\"@type\":\"ImageObject\",\"inLanguage\":\"es\",\"@id\":\"https:\\\/\\\/www.turismebaixpallars.cat\\\/es\\\/#\\\/schema\\\/logo\\\/image\\\/\",\"url\":\"https:\\\/\\\/www.turismebaixpallars.cat\\\/wp-content\\\/uploads\\\/BAIX-PALLARS-LOGO-HORIZONTAL-RGB.svg\",\"contentUrl\":\"https:\\\/\\\/www.turismebaixpallars.cat\\\/wp-content\\\/uploads\\\/BAIX-PALLARS-LOGO-HORIZONTAL-RGB.svg\",\"caption\":\"baixpallars.com\"},\"image\":{\"@id\":\"https:\\\/\\\/www.turismebaixpallars.cat\\\/es\\\/#\\\/schema\\\/logo\\\/image\\\/\"}}]}<\/script>\n<!-- \/ Yoast SEO plugin. -->","yoast_head_json":{"title":"Sarroca de Ba\u00e9n - baixpallars.com","robots":{"index":"index","follow":"follow","max-snippet":"max-snippet:-1","max-image-preview":"max-image-preview:large","max-video-preview":"max-video-preview:-1"},"canonical":"https:\/\/www.turismebaixpallars.cat\/es\/25-pobles\/sarroca-de-baen\/","og_locale":"es_ES","og_type":"article","og_title":"Sarroca de Ba\u00e9n - baixpallars.com","og_description":"Sarroca de Ba\u00e9n Sarroca de Ba\u00e9n Sarroca es una peque\u00f1a entidad de poblaci\u00f3n situada en la zona conocida con el nombre de \u201cSobre Gerri\u201d, a 1.436 m de altitud, en el sector m\u00e1s oriental del municipio de Baix Pallars, en medio de un entorno paisaj\u00edstico y natural impresionante, ideal para disfrutar de la tranquilidad. Debido...","og_url":"https:\/\/www.turismebaixpallars.cat\/es\/25-pobles\/sarroca-de-baen\/","og_site_name":"baixpallars.com","article_modified_time":"2026-03-24T14:12:31+00:00","twitter_card":"summary_large_image","twitter_misc":{"Tiempo de lectura":"2 minutos"},"schema":{"@context":"https:\/\/schema.org","@graph":[{"@type":"WebPage","@id":"https:\/\/www.turismebaixpallars.cat\/es\/25-pobles\/sarroca-de-baen\/","url":"https:\/\/www.turismebaixpallars.cat\/es\/25-pobles\/sarroca-de-baen\/","name":"Sarroca de Ba\u00e9n - baixpallars.com","isPartOf":{"@id":"https:\/\/www.turismebaixpallars.cat\/es\/#website"},"datePublished":"2026-03-03T15:16:00+00:00","dateModified":"2026-03-24T14:12:31+00:00","breadcrumb":{"@id":"https:\/\/www.turismebaixpallars.cat\/es\/25-pobles\/sarroca-de-baen\/#breadcrumb"},"inLanguage":"es","potentialAction":[{"@type":"ReadAction","target":["https:\/\/www.turismebaixpallars.cat\/es\/25-pobles\/sarroca-de-baen\/"]}]},{"@type":"BreadcrumbList","@id":"https:\/\/www.turismebaixpallars.cat\/es\/25-pobles\/sarroca-de-baen\/#breadcrumb","itemListElement":[{"@type":"ListItem","position":1,"name":"Inici","item":"https:\/\/www.turismebaixpallars.cat\/es\/"},{"@type":"ListItem","position":2,"name":"25 Pueblos","item":"https:\/\/www.turismebaixpallars.cat\/es\/25-pobles\/"},{"@type":"ListItem","position":3,"name":"Sarroca de Ba\u00e9n"}]},{"@type":"WebSite","@id":"https:\/\/www.turismebaixpallars.cat\/es\/#website","url":"https:\/\/www.turismebaixpallars.cat\/es\/","name":"baixpallars.com","description":"","publisher":{"@id":"https:\/\/www.turismebaixpallars.cat\/es\/#organization"},"potentialAction":[{"@type":"SearchAction","target":{"@type":"EntryPoint","urlTemplate":"https:\/\/www.turismebaixpallars.cat\/es\/?s={search_term_string}"},"query-input":{"@type":"PropertyValueSpecification","valueRequired":true,"valueName":"search_term_string"}}],"inLanguage":"es"},{"@type":"Organization","@id":"https:\/\/www.turismebaixpallars.cat\/es\/#organization","name":"baixpallars.com","url":"https:\/\/www.turismebaixpallars.cat\/es\/","logo":{"@type":"ImageObject","inLanguage":"es","@id":"https:\/\/www.turismebaixpallars.cat\/es\/#\/schema\/logo\/image\/","url":"https:\/\/www.turismebaixpallars.cat\/wp-content\/uploads\/BAIX-PALLARS-LOGO-HORIZONTAL-RGB.svg","contentUrl":"https:\/\/www.turismebaixpallars.cat\/wp-content\/uploads\/BAIX-PALLARS-LOGO-HORIZONTAL-RGB.svg","caption":"baixpallars.com"},"image":{"@id":"https:\/\/www.turismebaixpallars.cat\/es\/#\/schema\/logo\/image\/"}}]}},"taxonomy_info":[],"featured_image_src_large":false,"author_info":{"display_name":"dsf67809d8fas","author_link":"https:\/\/www.turismebaixpallars.cat\/es\/author\/dsf67809d8fas\/"},"comment_info":0,"_links":{"self":[{"href":"https:\/\/www.turismebaixpallars.cat\/es\/wp-json\/wp\/v2\/pages\/1375","targetHints":{"allow":["GET"]}}],"collection":[{"href":"https:\/\/www.turismebaixpallars.cat\/es\/wp-json\/wp\/v2\/pages"}],"about":[{"href":"https:\/\/www.turismebaixpallars.cat\/es\/wp-json\/wp\/v2\/types\/page"}],"author":[{"embeddable":true,"href":"https:\/\/www.turismebaixpallars.cat\/es\/wp-json\/wp\/v2\/users\/1"}],"replies":[{"embeddable":true,"href":"https:\/\/www.turismebaixpallars.cat\/es\/wp-json\/wp\/v2\/comments?post=1375"}],"version-history":[{"count":1,"href":"https:\/\/www.turismebaixpallars.cat\/es\/wp-json\/wp\/v2\/pages\/1375\/revisions"}],"predecessor-version":[{"id":1708,"href":"https:\/\/www.turismebaixpallars.cat\/es\/wp-json\/wp\/v2\/pages\/1375\/revisions\/1708"}],"up":[{"embeddable":true,"href":"https:\/\/www.turismebaixpallars.cat\/es\/wp-json\/wp\/v2\/pages\/1625"}],"wp:attachment":[{"href":"https:\/\/www.turismebaixpallars.cat\/es\/wp-json\/wp\/v2\/media?parent=1375"}],"curies":[{"name":"wp","href":"https:\/\/api.w.org\/{rel}","templated":true}]}}