{"id":1391,"date":"2026-03-03T16:12:07","date_gmt":"2026-03-03T15:12:07","guid":{"rendered":"https:\/\/www.turismebaixpallars.cat\/enseu\/"},"modified":"2026-03-24T13:46:04","modified_gmt":"2026-03-24T12:46:04","slug":"enseu","status":"publish","type":"page","link":"https:\/\/www.turismebaixpallars.cat\/es\/25-pobles\/enseu\/","title":{"rendered":"Enseu"},"content":{"rendered":"<style>.kb-row-layout-id916_82c0e2-9a > .kt-row-column-wrap{align-content:start;}:where(.kb-row-layout-id916_82c0e2-9a > .kt-row-column-wrap) > .wp-block-kadence-column{justify-content:start;}.kb-row-layout-id916_82c0e2-9a > .kt-row-column-wrap{column-gap:var(--global-kb-gap-md, 2rem);row-gap:var(--global-kb-gap-md, 2rem);max-width:var( --global-content-width, 1290px );padding-left:var(--global-content-edge-padding);padding-right:var(--global-content-edge-padding);padding-top:10rem;padding-bottom:10rem;grid-template-columns:minmax(0, 1fr);}.kb-row-layout-id916_82c0e2-9a{background-image:url('https:\/\/www.turismebaixpallars.cat\/wp-content\/uploads\/Enseu-.jpg');background-size:cover;background-position:45% 96%;background-attachment:scroll;background-repeat:no-repeat;}.kb-row-layout-id916_82c0e2-9a > .kt-row-layout-overlay{opacity:0.30;background-color:var(--global-palette3, #1A202C);mix-blend-mode:luminosity;}@media all and (max-width: 1024px){.kb-row-layout-id916_82c0e2-9a > .kt-row-column-wrap{grid-template-columns:minmax(0, 1fr);}}@media all and (max-width: 767px){.kb-row-layout-id916_82c0e2-9a > .kt-row-column-wrap{grid-template-columns:minmax(0, 1fr);}}<\/style><div class=\"kb-row-layout-wrap kb-row-layout-id916_82c0e2-9a alignfull kt-row-has-bg wp-block-kadence-rowlayout\"><div class=\"kt-row-layout-overlay kt-row-overlay-normal\"><\/div><div class=\"kt-row-column-wrap kt-has-1-columns kt-row-layout-equal kt-tab-layout-inherit kt-mobile-layout-row kt-row-valign-top kb-theme-content-width\"> <style>.kadence-column916_173bc0-f7 > .kt-inside-inner-col,.kadence-column916_173bc0-f7 > .kt-inside-inner-col:before{border-top-left-radius:0px;border-top-right-radius:0px;border-bottom-right-radius:0px;border-bottom-left-radius:0px;}.kadence-column916_173bc0-f7 > .kt-inside-inner-col{column-gap:var(--global-kb-gap-sm, 1rem);}.kadence-column916_173bc0-f7 > .kt-inside-inner-col{flex-direction:column;}.kadence-column916_173bc0-f7 > .kt-inside-inner-col > .aligncenter{width:100%;}.kadence-column916_173bc0-f7 > .kt-inside-inner-col:before{opacity:0.3;}.kadence-column916_173bc0-f7{position:relative;}@media all and (max-width: 1024px){.kadence-column916_173bc0-f7 > .kt-inside-inner-col{flex-direction:column;justify-content:center;}}@media all and (max-width: 767px){.kadence-column916_173bc0-f7 > .kt-inside-inner-col{flex-direction:column;justify-content:center;}}<\/style> <div class=\"wp-block-kadence-column kadence-column916_173bc0-f7\"><div class=\"kt-inside-inner-col\"><style>.wp-block-kadence-advancedheading.kt-adv-heading916_264d83-ae, .wp-block-kadence-advancedheading.kt-adv-heading916_264d83-ae[data-kb-block=\"kb-adv-heading916_264d83-ae\"]{text-align:center;font-style:normal;}.wp-block-kadence-advancedheading.kt-adv-heading916_264d83-ae mark.kt-highlight, .wp-block-kadence-advancedheading.kt-adv-heading916_264d83-ae[data-kb-block=\"kb-adv-heading916_264d83-ae\"] mark.kt-highlight{font-style:normal;color:#f76a0c;-webkit-box-decoration-break:clone;box-decoration-break:clone;padding-top:0px;padding-right:0px;padding-bottom:0px;padding-left:0px;}.wp-block-kadence-advancedheading.kt-adv-heading916_264d83-ae img.kb-inline-image, .wp-block-kadence-advancedheading.kt-adv-heading916_264d83-ae[data-kb-block=\"kb-adv-heading916_264d83-ae\"] img.kb-inline-image{width:150px;vertical-align:baseline;}<\/style> <h1 class=\"kt-adv-heading916_264d83-ae wp-block-kadence-advancedheading has-theme-palette-9-color has-text-color\" data-kb-block=\"kb-adv-heading916_264d83-ae\"><strong>Enseu<\/strong><\/h1> <\/div><\/div>  <\/div><\/div> <style>.kb-row-layout-id916_a25fad-d3 > .kt-row-column-wrap{align-content:start;}:where(.kb-row-layout-id916_a25fad-d3 > .kt-row-column-wrap) > .wp-block-kadence-column{justify-content:start;}.kb-row-layout-id916_a25fad-d3 > .kt-row-column-wrap{column-gap:var(--global-kb-gap-md, 2rem);row-gap:var(--global-kb-gap-md, 2rem);padding-top:var(--global-kb-spacing-md, 2rem);padding-bottom:var(--global-kb-spacing-md, 2rem);grid-template-columns:repeat(2, minmax(0, 1fr));}.kb-row-layout-id916_a25fad-d3 > .kt-row-layout-overlay{opacity:0.30;}@media all and (max-width: 1024px){.kb-row-layout-id916_a25fad-d3 > .kt-row-column-wrap{grid-template-columns:repeat(2, minmax(0, 1fr));}}@media all and (max-width: 767px){.kb-row-layout-id916_a25fad-d3 > .kt-row-column-wrap{grid-template-columns:minmax(0, 1fr);}}<\/style><div class=\"kb-row-layout-wrap kb-row-layout-id916_a25fad-d3 alignnone wp-block-kadence-rowlayout\"><div class=\"kt-row-column-wrap kt-has-2-columns kt-row-layout-equal kt-tab-layout-inherit kt-mobile-layout-row kt-row-valign-top\"> <style>.kadence-column916_1ac9c9-80 > .kt-inside-inner-col,.kadence-column916_1ac9c9-80 > .kt-inside-inner-col:before{border-top-left-radius:0px;border-top-right-radius:0px;border-bottom-right-radius:0px;border-bottom-left-radius:0px;}.kadence-column916_1ac9c9-80 > .kt-inside-inner-col{column-gap:var(--global-kb-gap-sm, 1rem);}.kadence-column916_1ac9c9-80 > .kt-inside-inner-col{flex-direction:column;}.kadence-column916_1ac9c9-80 > .kt-inside-inner-col > .aligncenter{width:100%;}.kadence-column916_1ac9c9-80 > .kt-inside-inner-col:before{opacity:0.3;}.kadence-column916_1ac9c9-80{position:relative;}@media all and (max-width: 1024px){.kadence-column916_1ac9c9-80 > .kt-inside-inner-col{flex-direction:column;justify-content:center;}}@media all and (max-width: 767px){.kadence-column916_1ac9c9-80 > .kt-inside-inner-col{flex-direction:column;justify-content:center;}}<\/style> <div class=\"wp-block-kadence-column kadence-column916_1ac9c9-80\"><div class=\"kt-inside-inner-col\"><style>.wp-block-kadence-advancedheading.kt-adv-heading916_692e22-08, .wp-block-kadence-advancedheading.kt-adv-heading916_692e22-08[data-kb-block=\"kb-adv-heading916_692e22-08\"]{font-style:normal;font-family:var( --global-body-font-family, inherit );}.wp-block-kadence-advancedheading.kt-adv-heading916_692e22-08 mark.kt-highlight, .wp-block-kadence-advancedheading.kt-adv-heading916_692e22-08[data-kb-block=\"kb-adv-heading916_692e22-08\"] mark.kt-highlight{font-style:normal;color:#f76a0c;-webkit-box-decoration-break:clone;box-decoration-break:clone;padding-top:0px;padding-right:0px;padding-bottom:0px;padding-left:0px;}.wp-block-kadence-advancedheading.kt-adv-heading916_692e22-08 img.kb-inline-image, .wp-block-kadence-advancedheading.kt-adv-heading916_692e22-08[data-kb-block=\"kb-adv-heading916_692e22-08\"] img.kb-inline-image{width:150px;vertical-align:baseline;}<\/style> <h2 class=\"kt-adv-heading916_692e22-08 wp-block-kadence-advancedheading\" data-kb-block=\"kb-adv-heading916_692e22-08\"><strong><strong><strong><strong>Enseu<\/strong><\/strong><\/strong><\/strong><\/h2>   <p>La aldea de Enseu est\u00e1 situada en el sector septentrional del municipio de Baix Pallars, a 761 metros de altitud, en la vertiente derecha del barranco del mismo nombre, que nace en Sant Sebasti\u00e0 y pasa por Ba\u00e9n. Se trata de un lugar de gran inter\u00e9s paisaj\u00edstico y natural, muy adecuado para practicar senderismo y bicicleta de monta\u00f1a. Es muy recomendable tomar el camino que sale detr\u00e1s del monasterio de Gerri y que discurre por la margen del barranco hasta llegar a Enseu: es un camino precioso desde el que veremos el vivero de plantas forestales y la magn\u00edfica obra de ingenier\u00eda que se realiz\u00f3 con la correcci\u00f3n del barranco de Enseu.&nbsp;<\/p> <\/div><\/div>  <style>.kadence-column916_f37e6a-3b > .kt-inside-inner-col,.kadence-column916_f37e6a-3b > .kt-inside-inner-col:before{border-top-left-radius:0px;border-top-right-radius:0px;border-bottom-right-radius:0px;border-bottom-left-radius:0px;}.kadence-column916_f37e6a-3b > .kt-inside-inner-col{column-gap:var(--global-kb-gap-sm, 1rem);}.kadence-column916_f37e6a-3b > .kt-inside-inner-col{flex-direction:column;}.kadence-column916_f37e6a-3b > .kt-inside-inner-col > .aligncenter{width:100%;}.kadence-column916_f37e6a-3b > .kt-inside-inner-col:before{opacity:0.3;}.kadence-column916_f37e6a-3b{position:relative;}@media all and (max-width: 1024px){.kadence-column916_f37e6a-3b > .kt-inside-inner-col{flex-direction:column;justify-content:center;}}@media all and (max-width: 767px){.kadence-column916_f37e6a-3b > .kt-inside-inner-col{flex-direction:column;justify-content:center;}}<\/style> <div class=\"wp-block-kadence-column kadence-column916_f37e6a-3b\"><div class=\"kt-inside-inner-col\"> <p>Las primeras menciones hist\u00f3ricas que tenemos de Enseu datan del primer tercio del siglo X, cuando se vende un tercio de la villa al monasterio de Gerri. En el siglo XIII Bernat de Puigcerver dona la villa de Enseu a la abad\u00eda de Gerri y sabemos que a mediados del siglo XIV la administraci\u00f3n de justicia y las rentas que se obten\u00edan de Enseu se repart\u00edan entre el conde de Pallars y el monasterio. Enseu tuvo ayuntamiento propio hasta mediados del siglo XIX, cuando fue agregado al municipio de Gerri de la Sal.<\/p>   <p>El edificio m\u00e1s significativo del pueblo es la iglesia rom\u00e1nica de Sant Esteve, que data del siglo XI aunque ha sufrido diversas modificaciones. Est\u00e1 situada a la entrada del pueblo y se trata de una construcci\u00f3n sencilla, de una sola nave cubierta con b\u00f3veda de ca\u00f1\u00f3n y reforzada con un arco toral. La nave est\u00e1 rematada por un \u00e1bside semicircular decorado en el exterior con arcuaciones lombardas, algunas de ellas desaparecidas. La iglesia de Sant Esteve siempre estuvo vinculada al monasterio de Gerri.<\/p> <\/div><\/div>  <\/div><\/div>","protected":false},"excerpt":{"rendered":"<p>Enseu Enseu La aldea de Enseu est\u00e1 situada en el sector septentrional del municipio de Baix Pallars, a 761 metros de altitud, en la vertiente derecha del barranco del mismo nombre, que nace en Sant Sebasti\u00e0 y pasa por Ba\u00e9n. Se trata de un lugar de gran inter\u00e9s paisaj\u00edstico y natural, muy adecuado para practicar&#8230;<\/p>\n","protected":false},"author":1,"featured_media":0,"parent":1625,"menu_order":0,"comment_status":"closed","ping_status":"closed","template":"","meta":{"_acf_changed":false,"_kad_blocks_custom_css":"","_kad_blocks_head_custom_js":"","_kad_blocks_body_custom_js":"","_kad_blocks_footer_custom_js":"","_kad_post_transparent":"","_kad_post_title":"","_kad_post_layout":"","_kad_post_sidebar_id":"","_kad_post_content_style":"","_kad_post_vertical_padding":"","_kad_post_feature":"","_kad_post_feature_position":"","_kad_post_header":false,"_kad_post_footer":false,"_kad_post_classname":"","footnotes":""},"class_list":["post-1391","page","type-page","status-publish","hentry"],"acf":[],"yoast_head":"<!-- This site is optimized with the Yoast SEO plugin v27.4 - https:\/\/yoast.com\/product\/yoast-seo-wordpress\/ -->\n<title>Enseu - baixpallars.com<\/title>\n<meta name=\"robots\" content=\"index, follow, max-snippet:-1, max-image-preview:large, max-video-preview:-1\" \/>\n<link rel=\"canonical\" href=\"https:\/\/www.turismebaixpallars.cat\/es\/25-pobles\/enseu\/\" \/>\n<meta property=\"og:locale\" content=\"es_ES\" \/>\n<meta property=\"og:type\" content=\"article\" \/>\n<meta property=\"og:title\" content=\"Enseu - baixpallars.com\" \/>\n<meta property=\"og:description\" content=\"Enseu Enseu La aldea de Enseu est\u00e1 situada en el sector septentrional del municipio de Baix Pallars, a 761 metros de altitud, en la vertiente derecha del barranco del mismo nombre, que nace en Sant Sebasti\u00e0 y pasa por Ba\u00e9n. Se trata de un lugar de gran inter\u00e9s paisaj\u00edstico y natural, muy adecuado para practicar...\" \/>\n<meta property=\"og:url\" content=\"https:\/\/www.turismebaixpallars.cat\/es\/25-pobles\/enseu\/\" \/>\n<meta property=\"og:site_name\" content=\"baixpallars.com\" \/>\n<meta property=\"article:modified_time\" content=\"2026-03-24T12:46:04+00:00\" \/>\n<meta name=\"twitter:card\" content=\"summary_large_image\" \/>\n<meta name=\"twitter:label1\" content=\"Tiempo de lectura\" \/>\n\t<meta name=\"twitter:data1\" content=\"2 minutos\" \/>\n<script type=\"application\/ld+json\" class=\"yoast-schema-graph\">{\"@context\":\"https:\\\/\\\/schema.org\",\"@graph\":[{\"@type\":\"WebPage\",\"@id\":\"https:\\\/\\\/www.turismebaixpallars.cat\\\/es\\\/25-pobles\\\/enseu\\\/\",\"url\":\"https:\\\/\\\/www.turismebaixpallars.cat\\\/es\\\/25-pobles\\\/enseu\\\/\",\"name\":\"Enseu - baixpallars.com\",\"isPartOf\":{\"@id\":\"https:\\\/\\\/www.turismebaixpallars.cat\\\/es\\\/#website\"},\"datePublished\":\"2026-03-03T15:12:07+00:00\",\"dateModified\":\"2026-03-24T12:46:04+00:00\",\"breadcrumb\":{\"@id\":\"https:\\\/\\\/www.turismebaixpallars.cat\\\/es\\\/25-pobles\\\/enseu\\\/#breadcrumb\"},\"inLanguage\":\"es\",\"potentialAction\":[{\"@type\":\"ReadAction\",\"target\":[\"https:\\\/\\\/www.turismebaixpallars.cat\\\/es\\\/25-pobles\\\/enseu\\\/\"]}]},{\"@type\":\"BreadcrumbList\",\"@id\":\"https:\\\/\\\/www.turismebaixpallars.cat\\\/es\\\/25-pobles\\\/enseu\\\/#breadcrumb\",\"itemListElement\":[{\"@type\":\"ListItem\",\"position\":1,\"name\":\"Inici\",\"item\":\"https:\\\/\\\/www.turismebaixpallars.cat\\\/es\\\/\"},{\"@type\":\"ListItem\",\"position\":2,\"name\":\"25 Pueblos\",\"item\":\"https:\\\/\\\/www.turismebaixpallars.cat\\\/es\\\/25-pobles\\\/\"},{\"@type\":\"ListItem\",\"position\":3,\"name\":\"Enseu\"}]},{\"@type\":\"WebSite\",\"@id\":\"https:\\\/\\\/www.turismebaixpallars.cat\\\/es\\\/#website\",\"url\":\"https:\\\/\\\/www.turismebaixpallars.cat\\\/es\\\/\",\"name\":\"baixpallars.com\",\"description\":\"\",\"publisher\":{\"@id\":\"https:\\\/\\\/www.turismebaixpallars.cat\\\/es\\\/#organization\"},\"potentialAction\":[{\"@type\":\"SearchAction\",\"target\":{\"@type\":\"EntryPoint\",\"urlTemplate\":\"https:\\\/\\\/www.turismebaixpallars.cat\\\/es\\\/?s={search_term_string}\"},\"query-input\":{\"@type\":\"PropertyValueSpecification\",\"valueRequired\":true,\"valueName\":\"search_term_string\"}}],\"inLanguage\":\"es\"},{\"@type\":\"Organization\",\"@id\":\"https:\\\/\\\/www.turismebaixpallars.cat\\\/es\\\/#organization\",\"name\":\"baixpallars.com\",\"url\":\"https:\\\/\\\/www.turismebaixpallars.cat\\\/es\\\/\",\"logo\":{\"@type\":\"ImageObject\",\"inLanguage\":\"es\",\"@id\":\"https:\\\/\\\/www.turismebaixpallars.cat\\\/es\\\/#\\\/schema\\\/logo\\\/image\\\/\",\"url\":\"https:\\\/\\\/www.turismebaixpallars.cat\\\/wp-content\\\/uploads\\\/BAIX-PALLARS-LOGO-HORIZONTAL-RGB.svg\",\"contentUrl\":\"https:\\\/\\\/www.turismebaixpallars.cat\\\/wp-content\\\/uploads\\\/BAIX-PALLARS-LOGO-HORIZONTAL-RGB.svg\",\"caption\":\"baixpallars.com\"},\"image\":{\"@id\":\"https:\\\/\\\/www.turismebaixpallars.cat\\\/es\\\/#\\\/schema\\\/logo\\\/image\\\/\"}}]}<\/script>\n<!-- \/ Yoast SEO plugin. -->","yoast_head_json":{"title":"Enseu - baixpallars.com","robots":{"index":"index","follow":"follow","max-snippet":"max-snippet:-1","max-image-preview":"max-image-preview:large","max-video-preview":"max-video-preview:-1"},"canonical":"https:\/\/www.turismebaixpallars.cat\/es\/25-pobles\/enseu\/","og_locale":"es_ES","og_type":"article","og_title":"Enseu - baixpallars.com","og_description":"Enseu Enseu La aldea de Enseu est\u00e1 situada en el sector septentrional del municipio de Baix Pallars, a 761 metros de altitud, en la vertiente derecha del barranco del mismo nombre, que nace en Sant Sebasti\u00e0 y pasa por Ba\u00e9n. Se trata de un lugar de gran inter\u00e9s paisaj\u00edstico y natural, muy adecuado para practicar...","og_url":"https:\/\/www.turismebaixpallars.cat\/es\/25-pobles\/enseu\/","og_site_name":"baixpallars.com","article_modified_time":"2026-03-24T12:46:04+00:00","twitter_card":"summary_large_image","twitter_misc":{"Tiempo de lectura":"2 minutos"},"schema":{"@context":"https:\/\/schema.org","@graph":[{"@type":"WebPage","@id":"https:\/\/www.turismebaixpallars.cat\/es\/25-pobles\/enseu\/","url":"https:\/\/www.turismebaixpallars.cat\/es\/25-pobles\/enseu\/","name":"Enseu - baixpallars.com","isPartOf":{"@id":"https:\/\/www.turismebaixpallars.cat\/es\/#website"},"datePublished":"2026-03-03T15:12:07+00:00","dateModified":"2026-03-24T12:46:04+00:00","breadcrumb":{"@id":"https:\/\/www.turismebaixpallars.cat\/es\/25-pobles\/enseu\/#breadcrumb"},"inLanguage":"es","potentialAction":[{"@type":"ReadAction","target":["https:\/\/www.turismebaixpallars.cat\/es\/25-pobles\/enseu\/"]}]},{"@type":"BreadcrumbList","@id":"https:\/\/www.turismebaixpallars.cat\/es\/25-pobles\/enseu\/#breadcrumb","itemListElement":[{"@type":"ListItem","position":1,"name":"Inici","item":"https:\/\/www.turismebaixpallars.cat\/es\/"},{"@type":"ListItem","position":2,"name":"25 Pueblos","item":"https:\/\/www.turismebaixpallars.cat\/es\/25-pobles\/"},{"@type":"ListItem","position":3,"name":"Enseu"}]},{"@type":"WebSite","@id":"https:\/\/www.turismebaixpallars.cat\/es\/#website","url":"https:\/\/www.turismebaixpallars.cat\/es\/","name":"baixpallars.com","description":"","publisher":{"@id":"https:\/\/www.turismebaixpallars.cat\/es\/#organization"},"potentialAction":[{"@type":"SearchAction","target":{"@type":"EntryPoint","urlTemplate":"https:\/\/www.turismebaixpallars.cat\/es\/?s={search_term_string}"},"query-input":{"@type":"PropertyValueSpecification","valueRequired":true,"valueName":"search_term_string"}}],"inLanguage":"es"},{"@type":"Organization","@id":"https:\/\/www.turismebaixpallars.cat\/es\/#organization","name":"baixpallars.com","url":"https:\/\/www.turismebaixpallars.cat\/es\/","logo":{"@type":"ImageObject","inLanguage":"es","@id":"https:\/\/www.turismebaixpallars.cat\/es\/#\/schema\/logo\/image\/","url":"https:\/\/www.turismebaixpallars.cat\/wp-content\/uploads\/BAIX-PALLARS-LOGO-HORIZONTAL-RGB.svg","contentUrl":"https:\/\/www.turismebaixpallars.cat\/wp-content\/uploads\/BAIX-PALLARS-LOGO-HORIZONTAL-RGB.svg","caption":"baixpallars.com"},"image":{"@id":"https:\/\/www.turismebaixpallars.cat\/es\/#\/schema\/logo\/image\/"}}]}},"taxonomy_info":[],"featured_image_src_large":false,"author_info":{"display_name":"dsf67809d8fas","author_link":"https:\/\/www.turismebaixpallars.cat\/es\/author\/dsf67809d8fas\/"},"comment_info":0,"_links":{"self":[{"href":"https:\/\/www.turismebaixpallars.cat\/es\/wp-json\/wp\/v2\/pages\/1391","targetHints":{"allow":["GET"]}}],"collection":[{"href":"https:\/\/www.turismebaixpallars.cat\/es\/wp-json\/wp\/v2\/pages"}],"about":[{"href":"https:\/\/www.turismebaixpallars.cat\/es\/wp-json\/wp\/v2\/types\/page"}],"author":[{"embeddable":true,"href":"https:\/\/www.turismebaixpallars.cat\/es\/wp-json\/wp\/v2\/users\/1"}],"replies":[{"embeddable":true,"href":"https:\/\/www.turismebaixpallars.cat\/es\/wp-json\/wp\/v2\/comments?post=1391"}],"version-history":[{"count":1,"href":"https:\/\/www.turismebaixpallars.cat\/es\/wp-json\/wp\/v2\/pages\/1391\/revisions"}],"predecessor-version":[{"id":1690,"href":"https:\/\/www.turismebaixpallars.cat\/es\/wp-json\/wp\/v2\/pages\/1391\/revisions\/1690"}],"up":[{"embeddable":true,"href":"https:\/\/www.turismebaixpallars.cat\/es\/wp-json\/wp\/v2\/pages\/1625"}],"wp:attachment":[{"href":"https:\/\/www.turismebaixpallars.cat\/es\/wp-json\/wp\/v2\/media?parent=1391"}],"curies":[{"name":"wp","href":"https:\/\/api.w.org\/{rel}","templated":true}]}}